{"id":40546,"date":"2026-04-29T10:41:37","date_gmt":"2026-04-29T08:41:37","guid":{"rendered":"https:\/\/clinicabayona.es\/?page_id=40546"},"modified":"2026-04-29T11:55:44","modified_gmt":"2026-04-29T09:55:44","slug":"politica-privacidad","status":"publish","type":"page","link":"https:\/\/clinicabayona.es\/eus\/politica-privacidad\/","title":{"rendered":"Pribatutasun Politika"},"content":{"rendered":"<div class=\"wpb-content-wrapper\"><div class=\"vc_row wpb_row vc_row-fluid\"><div class=\"wpb_column vc_column_container vc_col-sm-12\"><div class=\"vc_column-inner\"><div class=\"wpb_wrapper\">\n\t<div class=\"wpb_text_column wpb_content_element\" >\n\t\t<div class=\"wpb_wrapper\">\n\t\t\t<h1>Pribatutasun Politika<\/h1>\n<p>&nbsp;<\/p>\n<p>Erabiltzaileen pribatutasuna garrantzitsua da guretzat. Pribatutasun adierazpen honetan, erabiltzaileengandik zer datu pertsonal biltzen ditugun eta nola erabiltzen ditugun azaltzen dugu. Baldintza hauek arretaz irakurtzea gomendatzen dizugu webgune honetan zure datu pertsonalak eman aurretik.<\/p>\n<p>14 urtetik beherako haurren kasuan, gurasoen edo tutoreen baimena beharrezkoa da haien datu pertsonalak tratatzeko.<\/p>\n<p>Webgune honek erabiltzaileen datu pertsonalak errespetatzen eta babesten ditu. Erabiltzaile gisa, jakin behar duzu zure eskubideak bermatuta daudela.<\/p>\n<p>Inguru seguru eta fidagarria sortzeko gogor lan egin dugu, eta horregatik gure pribatutasun-printzipioak zurekin partekatu nahi ditugu:<\/p>\n<ul>\n<li>Ez dugu inoiz informazio pertsonalik eskatzen, eskatzen dituzun zerbitzuak emateko benetan beharrezkoa ez bada behintzat.<\/li>\n<li>Ez dugu inoiz gure erabiltzaileen informazio pertsonala inorekin partekatzen, legea betetzeko edo haien berariazko baimena badugu izan ezik.<\/li>\n<li>Ez ditugu inoiz datu pertsonalak pribatutasun-politika honetan adierazitakoaz besteko helburuetarako erabiltzen.<\/li>\n<\/ul>\n<p>Kontuan izan Pribatutasun Politika hau alda daitekeela legegintzako edo autoerregulazioko eskakizunen ondorioz, beraz, erabiltzaileei gomendatzen zaie aldian-aldian berrikustea. Aplikatuko da erabiltzaileek webgune honetako harremanetarako formularioren bat betetzen badute, non datu pertsonalak biltzen diren.<\/p>\n<p>Informazio hau eskuratzen duen inork ulertzen ez badu, gure Datuen Babeserako Ofizialarekin harremanetan jar daiteke dpd@clinicabayona.es helbidean, eta hark argituko ditu bere datu pertsonalen tratamenduari buruzko edozein zalantza.<\/p>\n<h3>NOR DA ZURE DATU PERTSONALAK TRATATZEAZ ARDURADUNA?<\/h3>\n<ul>\n<li>Datu-arduradunaren izena: CL\u00cdNICA PERIODONTAL JM BAYONA S.L.P.<\/li>\n<li>Merkataritza-izena: JM BAYONA PERIODONTAL CLINIC<\/li>\n<li>Zerga Erregistro Zenbakia: B31510514<\/li>\n<li>Helbidea: PEDRO I, Beheko solairua. 31007 Iru\u00f1ea (Nafarroa)<\/li>\n<li>Posta elektronikoa: consulta@clinicabayona.es<\/li>\n<\/ul>\n<h3>ZEIN HELBURUTARAKO PROZESATZEN DITUGU ZURE DATU PERTSONALAK?<\/h3>\n<p>Erabiltzaile batek webgune honetara konektatzen denean \u2013 adibidez, webgunearen jabeari posta elektroniko bat bidaltzeko edo WhatsApp bidez gurekin harremanetan jartzeko \u2013 bere ardura den informazio pertsonala ematen ari da. <span class=\"s2\">JM BAYONA PERIODONTOLOGIA KLINIKA<\/span>. Informazio honek zure izena, helbide elektronikoa, telefono-zenbakia edo WhatsApp profila bezalako datu pertsonalak izan ditzake. Datu pertsonalak zure harremanetarako eskaerari erantzuteko eta izan ditzakezun edozein galderari erantzuteko erabiltzen dira.<\/p>\n<h3>ZEIN DA DATUEN PROZESAMENDUA BAIMENDUTEN DUEN OINARRI LEGITIMOA?<\/h3>\n<p>Datuak prozesatzeko oinarria da datu-arduradunaren interes legitimoa, WhatsApp bidez edo webgunean emandako helbide elektronikoaren bidez jasotako kontsultak erantzuteko.<\/p>\n<h3>ZENBAT DENBORAZ GORDEKO DITUGU DATUAK?<\/h3>\n<p>Datuak gordeko dira tratamenduaren helburua eta datu-subjektuaren interesa baliodunak diren bitartean; hala ere, tratamenduaren ondorioz sor daitezkeen edozein erantzukizun betetzeko, legeak ezarritako preskripzio-epearen bitartean gorde daitezke.<\/p>\n<h3>NORI JAKINARAZIKO ZAIZKIO ZURE DATUAK?<\/h3>\n<p>Datuak soilik emango dira lege-betebehar bat dagoenean. Hartzaileen artean egon daitezke Klinikari zerbitzuak eskaintzen dizkieten enpresak, eta, horregatik, webguneko erabiltzaileen harremanetarako datuetarako sarbidea izan dezakete. Prozesamendu hori beti egingo da araudi-kontratu baten oinarrietan, datuen babesari buruzko lege-bermeak jasotzen dituena. Ostatu-zerbitzuak: Nominalia, EBn oinarrituta. Informazio gehiago hemen: https:\/\/www.nominalia.com (Nominalia). Nominalia datuak prozesatzen ditu CL\u00cdNICA PERIODONTAL JM BAYONAri bere hosting-zerbitzuak eskaintzeko helburuarekin.<\/p>\n<h3>ZEIN ESKUBIDE DITUZU DATUAK EMATEN DIZKIGUZUNEAN?<\/h3>\n<p class=\"p2\">Interesdunek eskubide hauek erabil ditzakete:<span class=\"Apple-converted-space\">\u00a0<\/span><\/p>\n<table class=\"t1\" cellspacing=\"0\" cellpadding=\"0\">\n<tbody>\n<tr>\n<td class=\"td1\" valign=\"top\">Sarbide-eskubidea<\/td>\n<td class=\"td1\" valign=\"top\">Informazioa jasotzeko eskubidea honako hauei buruz:<\/p>\n<ul>\n<li>Klinika zure datuak prozesatzen ari den ala ez.<\/li>\n<li>Egoera egokian, zure datuak prozesatzeko helburua, prozesatutako datu-kategoriak, zure datuen hartzaileak, gordetze-epea, datuen jatorria eta erabaki automatizatuak, profilatzea barne, hartzen diren ala ez.<\/li>\n<\/ul>\n<\/td>\n<\/tr>\n<tr>\n<td class=\"td1\" valign=\"top\">Zuzenketa eskubidea<\/td>\n<td class=\"td1\" valign=\"top\">Datu pertsonal oker edo osatu gabekoak zuzentzeko eskubidea.<\/td>\n<\/tr>\n<tr>\n<td class=\"td1\" valign=\"top\">Ezabatzeko eskubidea<\/td>\n<td class=\"td1\" valign=\"top\">Zure datuak ezabatzeko eskubidea honako egoera hauetako edozeinetan:<\/p>\n<ul>\n<li>Datuak ez dira gehiago beharrezkoak bildu ziren helburuetarako.<\/li>\n<li>Datu-subjektuak bere baimena erretiratu behar du.<\/li>\n<li>Datu subjektuak tratamenduari aurka egiten dio.<\/li>\n<li>Datu-interesdunak uste du datuak legez kanpo prozesatu direla.<\/li>\n<li>Lege-betebehar baten ondorioz ezabatu behar direla.<\/li>\n<li>Datuak Informazio Gizartearen zerbitzu batekin lotuta lortu direla, Datu Babeserako Erregelamendu Orokorraren 8. artikuluaren 1. paragrafoan aipatutakoaren arabera.<\/li>\n<\/ul>\n<\/td>\n<\/tr>\n<tr>\n<td class=\"td1\" valign=\"top\">Aurka egiteko eskubidea<\/td>\n<td class=\"td1\" valign=\"top\">Zure egoera berezian oinarritutako arrazoiengatik, tratamendu zehatz bati aurka egiteko eskubidea duzu, tratamendu hori arduradunaren interes legitimoetan oinarrituta dagoenean.<\/td>\n<\/tr>\n<tr>\n<td class=\"td1\" valign=\"top\">Eramangarritasun eskubidea<\/td>\n<td class=\"td1\" valign=\"top\">Klinikari emandako datuak egitura egokian jasotzeko eta beste arduradun bati transmititzeko eskubidea, honako bi baldintza hauek betetzen direnean:<\/p>\n<ul>\n<li>Prozesamendua baimen edo kontratu baten arabera egin zen.<\/li>\n<li>Prozesamendua bitarteko automatizatuen bidez egiten da.<\/li>\n<\/ul>\n<\/td>\n<\/tr>\n<tr>\n<td class=\"td1\" valign=\"top\">Mugatze-eskubidea<\/td>\n<td class=\"td1\" valign=\"top\">Tratamendua mugatzeko eskubidea, baldin eta honako baldintza hauetako bat betetzen bada:<\/p>\n<ul>\n<li>Datu subjektuak bere datu pertsonalen zehaztasuna zalantzan jartzen du.<\/li>\n<li>Prozesamendua legez kanpokoa da eta datu-interesdunak datuen ezabatzea ukatu eta, horren ordez, haien erabilera mugatzea eskatzen du.<\/li>\n<li>Kontrolatzaileak ez du datuak behar prozesamenduaren helburuetarako, baina datu-subjektuak behar ditu eskubide-eskariak ezartzeko, gauzatzeko edo defendatzeko.<\/li>\n<li>Datu-interesdunak tratamenduari aurka egin dio eta haren murriztea eskatu du, arduradunaren oinarriak datu-interesdunaren oinarriak gainditzen dituzten aztertzen den bitartean.<\/li>\n<\/ul>\n<\/td>\n<\/tr>\n<tr>\n<td class=\"td1\" valign=\"top\">Kexa aurkezteko eskubidea<\/td>\n<td class=\"td1\" valign=\"top\">\n<ul>\n<li>Egoitza Nagusiko Agintaritza (www.aepd.es) arduradunari, prozesamendua indarreko araudiari ez datorrela bat uste baduzu.<\/li>\n<li>Lehenik eta behin, Datu Babeserako Ofizialari, zeinak gehienez bi hilabeteko epean bere erabakiaz jakinaraziko dizu.<\/li>\n<\/ul>\n<\/td>\n<\/tr>\n<\/tbody>\n<\/table>\n<p>Interesdunek aipatutako eskubideak honako bide hauen bidez erabil ditzakete:<\/p>\n<ul>\n<li>Gure klinikan, aurrez aurre edo postaz, PEDRO I, 3 BAJO, 31007 Iru\u00f1ea (Nafarroa) helbidera edo Fidel L\u00e1zaro Aparicio kalea, 5. zenbakira, Iru\u00f1ea (Nafarroa).<\/li>\n<li>Datuen babeserako arduradunari zuzenduta <span class=\"s4\">dpd@clinicabayona.es<\/span><\/li>\n<\/ul>\n<h3>NOR DA DATUEN BABESAREN ARDURADUNA?<\/h3>\n<p>Datu Babeserako Ofiziala (DPO) pertsona fisiko edo juridikoa da, arauen betetze-maila modu independentean zaintzen duena, datu pertsonalen babesarekin lotutako gaietan arduradunari aholkatzen diona eta oinarrizko eskubide hau errespetatzen dela bermatzen duena. DPOak ez ditu bere eginkizunak betetzeko jarraibiderik jasotzen eta isilpeko edo konfidentzialtasun betebeharraren menpe dago.<\/p>\n<p><span class=\"s5\">JM Bayona Periodontologia Klinika <\/span>Datu Babeserako Ofizial bat izendatu du. Edozein pertsonak harremanetan jar daiteke Datu Babeserako Ofizialarekin datu-prozesamenduari buruzko edozein zalantza argitzeko, bere eskubideak gauzatzeko edo gai honi dagokionez iradokizun edo kexak egiteko. Datu-interesdunak kexa aurkeztu dezake Datu Babeserako Ofizialari, Espainiako Datu Babeserako Agentziari aurkeztu aurretik. Kasu honetan, DPOak kexa jaso eta bi hilabeteko epean hartutako erabakiaz jakinaraziko dio datu-interesdunari.<\/p>\n<p>Datu Babeserako Ofizialarekin harremanetan jar zaitezke dpd@clinicabayona.es helbide elektronikoaren bidez edo politika honen hasieran emandako klinikaren helbide postalaren bidez (Datu Babeserako Ofizialaren arretarako).<\/p>\n<h3>DATUEN ZEHAZTASUNA ETA EGIAZKOTASUNA<\/h3>\n<p>Erabiltzaileak bakarrik du ardura https:\/\/clinicabayona.es\/-era bidalitako datuen zehaztasunaren eta zuzenaren gain, eta horrela, Cl\u00ednica Periodontal JM. Bayona erantzukizun guztietatik askatzen du.<\/p>\n<p>Erabiltzaileek bermatzen dute eta erantzule dira, edozein kasutan, emandako datu pertsonalen zehaztasuna, baliozkotasuna eta benetakotasunaz, eta behar bezala eguneratuta mantentzeko konpromisoa hartzen dute. Erabiltzaileak konpromisoa hartzen du harremanetarako formularioan informazio osoa eta zehatza emateko.<\/p>\n<h3>PRIBATUTASUN POLITIKAREN ALDAKETAK<\/h3>\n<p>JM. Bayona Periodontal Klinikak politika hau aldatzeko eskubidea gordetzen du lege edo jurisprudentzia berrietara egokitzeko. Kasu horietan, JM. Bayona Periodontal Klinikak aldaketak orrialde honetan iragarriko ditu indarrean jarri baino arrazoizko denbora lehenago.<\/p>\n\n\t\t<\/div>\n\t<\/div>\n<\/div><\/div><\/div><\/div>\n<\/div>","protected":false},"excerpt":{"rendered":"POL\u00cdTICA DE PRIVACIDAD &nbsp; La privacidad de los usuarios es importante para nosotros. En esta declaraci\u00f3n de privacidad le explicamos qu\u00e9 datos personales recopilamos de los usuarios y c\u00f3mo los utilizamos. Le animamos a leer detenidamente estos t\u00e9rminos antes de facilitar sus datos personales en esta web. En el caso de los menores de 14 [...]","protected":false},"author":3,"featured_media":0,"parent":0,"menu_order":0,"comment_status":"closed","ping_status":"closed","template":"","meta":{"footnotes":""},"class_list":["post-40546","page","type-page","status-publish","hentry"],"_links":{"self":[{"href":"https:\/\/clinicabayona.es\/eus\/wp-json\/wp\/v2\/pages\/40546","targetHints":{"allow":["GET"]}}],"collection":[{"href":"https:\/\/clinicabayona.es\/eus\/wp-json\/wp\/v2\/pages"}],"about":[{"href":"https:\/\/clinicabayona.es\/eus\/wp-json\/wp\/v2\/types\/page"}],"author":[{"embeddable":true,"href":"https:\/\/clinicabayona.es\/eus\/wp-json\/wp\/v2\/users\/3"}],"replies":[{"embeddable":true,"href":"https:\/\/clinicabayona.es\/eus\/wp-json\/wp\/v2\/comments?post=40546"}],"version-history":[{"count":6,"href":"https:\/\/clinicabayona.es\/eus\/wp-json\/wp\/v2\/pages\/40546\/revisions"}],"predecessor-version":[{"id":40553,"href":"https:\/\/clinicabayona.es\/eus\/wp-json\/wp\/v2\/pages\/40546\/revisions\/40553"}],"wp:attachment":[{"href":"https:\/\/clinicabayona.es\/eus\/wp-json\/wp\/v2\/media?parent=40546"}],"curies":[{"name":"wp","href":"https:\/\/api.w.org\/{rel}","templated":true}]}}