{"id":149,"date":"2025-02-10T10:23:22","date_gmt":"2025-02-10T09:23:22","guid":{"rendered":"http:\/\/s1062461109.mialojamiento.es\/?page_id=149"},"modified":"2025-09-05T08:05:30","modified_gmt":"2025-09-05T06:05:30","slug":"ortodoncia-pamplona","status":"publish","type":"page","link":"https:\/\/clinicabayona.es\/eus\/tratamientos\/ortodoncia-pamplona\/","title":{"rendered":"Ortodontzia"},"content":{"rendered":"<div class=\"wpb-content-wrapper\"><div class=\"vc_row wpb_row vc_row-fluid\"><div class=\"miembro wpb_column vc_column_container vc_col-sm-1\/5\"><div class=\"vc_column-inner\"><div class=\"wpb_wrapper\">\n\t<div  class=\"wpb_single_image wpb_content_element vc_align_left wpb_content_element\">\n\t\t\n\t\t<figure class=\"wpb_wrapper vc_figure\">\n\t\t\t<div class=\"vc_single_image-wrapper   vc_box_border_grey\"><img decoding=\"async\" class=\"vc_img-placeholder vc_single_image-img\" src=\"https:\/\/clinicabayona.es\/wp-content\/plugins\/js_composer\/assets\/vc\/no_image.png\" \/><\/div>\n\t\t<\/figure>\n\t<\/div>\n\n\t<div class=\"wpb_text_column wpb_content_element\" >\n\t\t<div class=\"wpb_wrapper\">\n\t\t\t<p class=\"p2\"><span class=\"Apple-converted-space\">LERROKATZAILE IKUSEZINAK\u00a0<\/span><\/p>\n\n\t\t<\/div>\n\t<\/div>\n\n\t<div class=\"wpb_text_column wpb_content_element bio\" >\n\t\t<div class=\"wpb_wrapper\">\n\t\t\t<p class=\"p1\">Ferula gardenak eta kengarriak, hortzen gainean egokitzen direnak eta aldian-aldian alda daitezkeen mugimendua pixkanaka eta eroso gidatzeko.<span class=\"Apple-converted-space\">\u00a0<\/span><\/p>\n\n\t\t<\/div>\n\t<\/div>\n<\/div><\/div><\/div><div class=\"miembro wpb_column vc_column_container vc_col-sm-1\/5\"><div class=\"vc_column-inner\"><div class=\"wpb_wrapper\">\n\t<div  class=\"wpb_single_image wpb_content_element vc_align_left wpb_content_element\">\n\t\t\n\t\t<figure class=\"wpb_wrapper vc_figure\">\n\t\t\t<div class=\"vc_single_image-wrapper   vc_box_border_grey\"><img decoding=\"async\" class=\"vc_img-placeholder vc_single_image-img\" src=\"https:\/\/clinicabayona.es\/wp-content\/plugins\/js_composer\/assets\/vc\/no_image.png\" \/><\/div>\n\t\t<\/figure>\n\t<\/div>\n\n\t<div class=\"wpb_text_column wpb_content_element\" >\n\t\t<div class=\"wpb_wrapper\">\n\t\t\t<p>Metalezko eta zeramikazko euskarri autoligatzaileak<\/p>\n\n\t\t<\/div>\n\t<\/div>\n\n\t<div class=\"wpb_text_column wpb_content_element bio\" >\n\t\t<div class=\"wpb_wrapper\">\n\t\t\t<p class=\"p2\">Braket sistema aurreratu honek ez du ligaduren beharrik. Alanbrea automatikoki braketean doitzen da, frikzioa murriztuz eta tratamendua azkartuz.<span class=\"Apple-converted-space\">\u00a0<\/span><\/p>\n\n\t\t<\/div>\n\t<\/div>\n<\/div><\/div><\/div><div class=\"miembro wpb_column vc_column_container vc_col-sm-1\/5\"><div class=\"vc_column-inner\"><div class=\"wpb_wrapper\">\n\t<div  class=\"wpb_single_image wpb_content_element vc_align_left wpb_content_element\">\n\t\t\n\t\t<figure class=\"wpb_wrapper vc_figure\">\n\t\t\t<div class=\"vc_single_image-wrapper   vc_box_border_grey\"><img decoding=\"async\" class=\"vc_img-placeholder vc_single_image-img\" src=\"https:\/\/clinicabayona.es\/wp-content\/plugins\/js_composer\/assets\/vc\/no_image.png\" \/><\/div>\n\t\t<\/figure>\n\t<\/div>\n\n\t<div class=\"wpb_text_column wpb_content_element\" >\n\t\t<div class=\"wpb_wrapper\">\n\t\t\t<p>HIZKUNTZA ORTODONTZA<\/p>\n\n\t\t<\/div>\n\t<\/div>\n\n\t<div class=\"wpb_text_column wpb_content_element bio\" >\n\t\t<div class=\"wpb_wrapper\">\n\t\t\t<p class=\"p2\">Teknika diskretu honekin braketak hortzen barnealdean kokatzen dira, eta kanpotik guztiz ezkutatuta geratzen dira.<span class=\"Apple-converted-space\">\u00a0<\/span><\/p>\n\n\t\t<\/div>\n\t<\/div>\n<\/div><\/div><\/div><div class=\"miembro wpb_column vc_column_container vc_col-sm-1\/5\"><div class=\"vc_column-inner\"><div class=\"wpb_wrapper\">\n\t<div  class=\"wpb_single_image wpb_content_element vc_align_left wpb_content_element\">\n\t\t\n\t\t<figure class=\"wpb_wrapper vc_figure\">\n\t\t\t<div class=\"vc_single_image-wrapper   vc_box_border_grey\"><img decoding=\"async\" class=\"vc_img-placeholder vc_single_image-img\" src=\"https:\/\/clinicabayona.es\/wp-content\/plugins\/js_composer\/assets\/vc\/no_image.png\" \/><\/div>\n\t\t<\/figure>\n\t<\/div>\n\n\t<div class=\"wpb_text_column wpb_content_element\" >\n\t\t<div class=\"wpb_wrapper\">\n\t\t\t<p>ORTODONTZA INTERZEPTIBOA<\/p>\n\n\t\t<\/div>\n\t<\/div>\n\n\t<div class=\"wpb_text_column wpb_content_element bio\" >\n\t\t<div class=\"wpb_wrapper\">\n\t\t\t<p class=\"p2\">Haurrentzako bereziki diseinatua, tratamendu goiztiar honek arazo ortopedikoak edo hazkuntza-arazoak zuzentzea du helburu hasierako faseetan, aho-garapenean konplikazio handirik ez garatzea saihestuz.<span class=\"Apple-converted-space\">\u00a0<\/span><\/p>\n\n\t\t<\/div>\n\t<\/div>\n<\/div><\/div><\/div><div class=\"miembro wpb_column vc_column_container vc_col-sm-1\/5\"><div class=\"vc_column-inner\"><div class=\"wpb_wrapper\">\n\t<div  class=\"wpb_single_image wpb_content_element vc_align_left wpb_content_element\">\n\t\t\n\t\t<figure class=\"wpb_wrapper vc_figure\">\n\t\t\t<div class=\"vc_single_image-wrapper   vc_box_border_grey\"><img decoding=\"async\" class=\"vc_img-placeholder vc_single_image-img\" src=\"https:\/\/clinicabayona.es\/wp-content\/plugins\/js_composer\/assets\/vc\/no_image.png\" \/><\/div>\n\t\t<\/figure>\n\t<\/div>\n\n\t<div class=\"wpb_text_column wpb_content_element\" >\n\t\t<div class=\"wpb_wrapper\">\n\t\t\t<p>ORTODONZIA MININPLANTE EDO MIKROTORLOEKIN<\/p>\n\n\t\t<\/div>\n\t<\/div>\n\n\t<div class=\"wpb_text_column wpb_content_element bio\" >\n\t\t<div class=\"wpb_wrapper\">\n\t\t\t<p class=\"p2\">Teknika aurreratu honekin, torloju txikiak kokatzen dira goiko edo beheko masailezurreko hezurrean, anklaje puntu gisa, hortzen mugimendua zehatzagoa eta eraginkorragoa izan dadin.<span class=\"Apple-converted-space\">\u00a0<\/span><\/p>\n\n\t\t<\/div>\n\t<\/div>\n<\/div><\/div><\/div><\/div>\n<\/div>","protected":false},"excerpt":{"rendered":"ALINEADORES INVISIBLES\u00a0 F\u00e9rulas transparentes y removibles que se ajustan a los dientes, cambi\u00e1ndose peri\u00f3dicamente para guiar su movimiento de manera gradual y c\u00f3moda.\u00a0 BRACKETS MET\u00c1LICOS Y CER\u00c1MICOS DE AUTOLIGADO Un sistema avanzado de brackets que elimina la necesidad de ligaduras, ya que el alambre se ajusta autom\u00e1ticamente al bracket, reduciendo la fricci\u00f3n y acelerando el [...]","protected":false},"author":1,"featured_media":0,"parent":25,"menu_order":0,"comment_status":"closed","ping_status":"closed","template":"","meta":{"footnotes":""},"class_list":["post-149","page","type-page","status-publish","hentry"],"_links":{"self":[{"href":"https:\/\/clinicabayona.es\/eus\/wp-json\/wp\/v2\/pages\/149","targetHints":{"allow":["GET"]}}],"collection":[{"href":"https:\/\/clinicabayona.es\/eus\/wp-json\/wp\/v2\/pages"}],"about":[{"href":"https:\/\/clinicabayona.es\/eus\/wp-json\/wp\/v2\/types\/page"}],"author":[{"embeddable":true,"href":"https:\/\/clinicabayona.es\/eus\/wp-json\/wp\/v2\/users\/1"}],"replies":[{"embeddable":true,"href":"https:\/\/clinicabayona.es\/eus\/wp-json\/wp\/v2\/comments?post=149"}],"version-history":[{"count":10,"href":"https:\/\/clinicabayona.es\/eus\/wp-json\/wp\/v2\/pages\/149\/revisions"}],"predecessor-version":[{"id":159,"href":"https:\/\/clinicabayona.es\/eus\/wp-json\/wp\/v2\/pages\/149\/revisions\/159"}],"up":[{"embeddable":true,"href":"https:\/\/clinicabayona.es\/eus\/wp-json\/wp\/v2\/pages\/25"}],"wp:attachment":[{"href":"https:\/\/clinicabayona.es\/eus\/wp-json\/wp\/v2\/media?parent=149"}],"curies":[{"name":"wp","href":"https:\/\/api.w.org\/{rel}","templated":true}]}}